{"id":589,"date":"2023-11-17T06:00:54","date_gmt":"2023-11-17T06:00:54","guid":{"rendered":"https:\/\/pomzj.pl\/?page_id=589"},"modified":"2024-07-30T04:39:31","modified_gmt":"2024-07-30T04:39:31","slug":"aktualnosci","status":"publish","type":"page","link":"https:\/\/pomzj.pl\/?page_id=589","title":{"rendered":"Aktualno\u015bci"},"content":{"rendered":"\t\t<div data-elementor-type=\"wp-page\" data-elementor-id=\"589\" class=\"elementor elementor-589\">\n\t\t\t\t\t\t<section class=\"elementor-section elementor-top-section elementor-element elementor-element-d921aba elementor-section-full_width elementor-section-height-default elementor-section-height-default\" data-id=\"d921aba\" data-element_type=\"section\" data-settings=\"{&quot;wdt_bg_image&quot;:{&quot;url&quot;:&quot;&quot;,&quot;id&quot;:&quot;&quot;,&quot;size&quot;:&quot;&quot;},&quot;wdt_bg_image_laptop&quot;:{&quot;url&quot;:&quot;&quot;,&quot;id&quot;:&quot;&quot;,&quot;size&quot;:&quot;&quot;},&quot;wdt_bg_image_tablet_extra&quot;:{&quot;url&quot;:&quot;&quot;,&quot;id&quot;:&quot;&quot;,&quot;size&quot;:&quot;&quot;},&quot;wdt_bg_image_tablet&quot;:{&quot;url&quot;:&quot;&quot;,&quot;id&quot;:&quot;&quot;,&quot;size&quot;:&quot;&quot;},&quot;wdt_bg_image_mobile_extra&quot;:{&quot;url&quot;:&quot;&quot;,&quot;id&quot;:&quot;&quot;,&quot;size&quot;:&quot;&quot;},&quot;wdt_bg_image_mobile&quot;:{&quot;url&quot;:&quot;&quot;,&quot;id&quot;:&quot;&quot;,&quot;size&quot;:&quot;&quot;},&quot;wdt_bg_position&quot;:&quot;center center&quot;,&quot;wdt_animation_effect&quot;:&quot;none&quot;}\">\n\t\t\t\t\t\t<div class=\"elementor-container elementor-column-gap-no\">\n\t\t\t\t\t<div class=\"elementor-column elementor-col-100 elementor-top-column elementor-element elementor-element-fc45ce8\" data-id=\"fc45ce8\" data-element_type=\"column\">\n\t\t\t<div class=\"elementor-widget-wrap elementor-element-populated\">\n\t\t\t\t\t\t<section class=\"elementor-section elementor-inner-section elementor-element elementor-element-222aec1 elementor-section-boxed elementor-section-height-default elementor-section-height-default\" data-id=\"222aec1\" data-element_type=\"section\" data-settings=\"{&quot;wdt_bg_image&quot;:{&quot;url&quot;:&quot;&quot;,&quot;id&quot;:&quot;&quot;,&quot;size&quot;:&quot;&quot;},&quot;wdt_bg_image_laptop&quot;:{&quot;url&quot;:&quot;&quot;,&quot;id&quot;:&quot;&quot;,&quot;size&quot;:&quot;&quot;},&quot;wdt_bg_image_tablet_extra&quot;:{&quot;url&quot;:&quot;&quot;,&quot;id&quot;:&quot;&quot;,&quot;size&quot;:&quot;&quot;},&quot;wdt_bg_image_tablet&quot;:{&quot;url&quot;:&quot;&quot;,&quot;id&quot;:&quot;&quot;,&quot;size&quot;:&quot;&quot;},&quot;wdt_bg_image_mobile_extra&quot;:{&quot;url&quot;:&quot;&quot;,&quot;id&quot;:&quot;&quot;,&quot;size&quot;:&quot;&quot;},&quot;wdt_bg_image_mobile&quot;:{&quot;url&quot;:&quot;&quot;,&quot;id&quot;:&quot;&quot;,&quot;size&quot;:&quot;&quot;},&quot;wdt_bg_position&quot;:&quot;center center&quot;,&quot;wdt_animation_effect&quot;:&quot;none&quot;}\">\n\t\t\t\t\t\t<div class=\"elementor-container elementor-column-gap-no\">\n\t\t\t\t\t<div class=\"elementor-column elementor-col-100 elementor-inner-column elementor-element elementor-element-02f647f\" data-id=\"02f647f\" data-element_type=\"column\">\n\t\t\t<div class=\"elementor-widget-wrap elementor-element-populated\">\n\t\t\t\t\t\t<div class=\"elementor-element elementor-element-ab88db9 elementor-widget elementor-widget-wdt-blog-posts\" data-id=\"ab88db9\" data-element_type=\"widget\" data-settings=\"{&quot;wdt_animation_effect&quot;:&quot;none&quot;}\" data-widget_type=\"wdt-blog-posts.default\">\n\t\t\t\t<div class=\"elementor-widget-container\">\n\t\t\t<div class=\"wdt-posts-list-wrapper  wdt-post-list-carousel-ab88db9\" ><div class='tpl-blog-holder  apply-isotope '><div class='grid-sizer  entry-grid-layout wdt-simple-style wdt-scaleout-hover wdt-fixed-overlay alignleft column wdt-one-third wdt-post-entry '><\/div><div class=\" entry-grid-layout wdt-simple-style wdt-scaleout-hover wdt-fixed-overlay alignleft column wdt-one-third wdt-post-entry  \"><article id=\"post-3419\" class=\"post-3419 post type-post status-publish format-standard has-post-thumbnail hentry category-dzialalnosc-pomzj tag-pomorskizwiazekjezdziecki blog-entry\">\r\n\r\n\r\n\t<!-- Featured Image -->\r\n\t<div class=\"entry-thumb\">\r\n\t\t\r\n<a href=\"https:\/\/pomzj.pl\/?p=3419\" title=\"Permalink to Kadra Pomorza na rok 2026\"><img fetchpriority=\"high\" decoding=\"async\" width=\"1000\" height=\"569\" src=\"https:\/\/pomzj.pl\/wp-content\/uploads\/2024\/07\/Add-a-subheading-1.jpg\" class=\"attachment-wdt-blog-iii-column size-wdt-blog-iii-column wp-post-image\" alt=\"\" srcset=\"https:\/\/pomzj.pl\/wp-content\/uploads\/2024\/07\/Add-a-subheading-1.jpg 1000w, https:\/\/pomzj.pl\/wp-content\/uploads\/2024\/07\/Add-a-subheading-1-300x171.jpg 300w, https:\/\/pomzj.pl\/wp-content\/uploads\/2024\/07\/Add-a-subheading-1-768x437.jpg 768w\" sizes=\"(max-width: 1000px) 100vw, 1000px\" \/><\/a>\r\n        <\/div><!-- Featured Image --><div class=\"entry-meta-group\">\r\n<!-- Entry Date -->\r\n<div class=\"entry-date\">\r\n\t<i class=\"wdticon-calendar\"> <\/i>\r\n\t24 pa\u017adziernika, 2025<\/div><!-- Entry Date --><\/div>\r\n<!-- Entry Title -->\r\n<div class=\"entry-title\">\r\n\t<h4>    \t<a href=\"https:\/\/pomzj.pl\/?p=3419\" title=\"Permalink to Kadra Pomorza na rok 2026\">Kadra Pomorza na rok 2026<\/a>\r\n\t<\/h4>\r\n<\/div><!-- Entry Title -->\r\n\t<div class=\"entry-body\"><p>Szanowni Pa\u0144stwo, Zarz\u0105d Pomorskiego Zwi\u0105zku Je\u017adzieckiego podj\u0105\u0142 decyzj\u0119 o powo\u0142aniu szerokiej Kadry Pomorza na rok 2026.Uprzejmie prosimy zawodnik\u00f3w KADRY...<\/p><\/div>\r\n\r\n<!-- Entry Button --><div class=\"entry-button wdt-core-button\"><a href=\"https:\/\/pomzj.pl\/?p=3419\" title=\"Kadra Pomorza na rok 2026\" class=\"wdt-button\">czytaj<span><svg xmlns=\"http:\/\/www.w3.org\/2000\/svg\" xmlns:xlink=\"http:\/\/www.w3.org\/1999\/xlink\" x=\"0px\" y=\"0px\" viewBox=\"0 0 100 59\" style=\"enable-background:new 0 0 100 59;\" xml:space=\"preserve\"><polygon points=\"59.9,6.1 79.4,25.7 6,25.7 6,33.3 79.4,33.3 59.9,52.9 65.3,58.2 94,29.5 65.3,0.8 \"><\/polygon><\/svg><\/span><\/a><\/div><!-- Entry Button --><\/article><\/div><div class=\" entry-grid-layout wdt-simple-style wdt-scaleout-hover wdt-fixed-overlay alignleft column wdt-one-third wdt-post-entry  \"><article id=\"post-3413\" class=\"post-3413 post type-post status-publish format-standard has-post-thumbnail hentry category-dzialalnosc-pomzj tag-pomorskizwiazekjezdziecki blog-entry\">\r\n\r\n\r\n\t<!-- Featured Image -->\r\n\t<div class=\"entry-thumb\">\r\n\t\t\r\n<a href=\"https:\/\/pomzj.pl\/?p=3413\" title=\"Permalink to Spotkanie w sprawie kalendarza zawod\u00f3w na 2026 rok\"><img fetchpriority=\"high\" decoding=\"async\" width=\"1000\" height=\"569\" src=\"https:\/\/pomzj.pl\/wp-content\/uploads\/2024\/07\/Add-a-subheading-1.jpg\" class=\"attachment-wdt-blog-iii-column size-wdt-blog-iii-column wp-post-image\" alt=\"\" srcset=\"https:\/\/pomzj.pl\/wp-content\/uploads\/2024\/07\/Add-a-subheading-1.jpg 1000w, https:\/\/pomzj.pl\/wp-content\/uploads\/2024\/07\/Add-a-subheading-1-300x171.jpg 300w, https:\/\/pomzj.pl\/wp-content\/uploads\/2024\/07\/Add-a-subheading-1-768x437.jpg 768w\" sizes=\"(max-width: 1000px) 100vw, 1000px\" \/><\/a>\r\n        <\/div><!-- Featured Image --><div class=\"entry-meta-group\">\r\n<!-- Entry Date -->\r\n<div class=\"entry-date\">\r\n\t<i class=\"wdticon-calendar\"> <\/i>\r\n\t6 pa\u017adziernika, 2025<\/div><!-- Entry Date --><\/div>\r\n<!-- Entry Title -->\r\n<div class=\"entry-title\">\r\n\t<h4>    \t<a href=\"https:\/\/pomzj.pl\/?p=3413\" title=\"Permalink to Spotkanie w sprawie kalendarza zawod\u00f3w na 2026 rok\">Spotkanie w sprawie kalendarza zawod\u00f3w na 2026 rok<\/a>\r\n\t<\/h4>\r\n<\/div><!-- Entry Title -->\r\n\t<div class=\"entry-body\"><p>Spotkanie w sprawie kalendarza zawod\u00f3w 2026 Przypominamy, \u017ce zg\u0142oszenia termin\u00f3w zawod\u00f3w przyjmujemy do 24 pa\u017adziernika 2025 r. Spotkanie dotycz\u0105ce...<\/p><\/div>\r\n\r\n<!-- Entry Button --><div class=\"entry-button wdt-core-button\"><a href=\"https:\/\/pomzj.pl\/?p=3413\" title=\"Spotkanie w sprawie kalendarza zawod\u00f3w na 2026 rok\" class=\"wdt-button\">czytaj<span><svg xmlns=\"http:\/\/www.w3.org\/2000\/svg\" xmlns:xlink=\"http:\/\/www.w3.org\/1999\/xlink\" x=\"0px\" y=\"0px\" viewBox=\"0 0 100 59\" style=\"enable-background:new 0 0 100 59;\" xml:space=\"preserve\"><polygon points=\"59.9,6.1 79.4,25.7 6,25.7 6,33.3 79.4,33.3 59.9,52.9 65.3,58.2 94,29.5 65.3,0.8 \"><\/polygon><\/svg><\/span><\/a><\/div><!-- Entry Button --><\/article><\/div><div class=\" entry-grid-layout wdt-simple-style wdt-scaleout-hover wdt-fixed-overlay alignleft column wdt-one-third wdt-post-entry  \"><article id=\"post-3405\" class=\"post-3405 post type-post status-publish format-standard has-post-thumbnail hentry category-dzialalnosc-pomzj tag-pomorskizwiazekjezdziecki blog-entry\">\r\n\r\n\r\n\t<!-- Featured Image -->\r\n\t<div class=\"entry-thumb\">\r\n\t\t\r\n<a href=\"https:\/\/pomzj.pl\/?p=3405\" title=\"Permalink to KONKURS\u00a0NA ORGANIZACJ\u0118 MISTRZOSTW WOJEW\u00d3DZTWA POMORSKIEGO\"><img fetchpriority=\"high\" decoding=\"async\" width=\"1000\" height=\"569\" src=\"https:\/\/pomzj.pl\/wp-content\/uploads\/2024\/07\/Add-a-subheading-1.jpg\" class=\"attachment-wdt-blog-iii-column size-wdt-blog-iii-column wp-post-image\" alt=\"\" srcset=\"https:\/\/pomzj.pl\/wp-content\/uploads\/2024\/07\/Add-a-subheading-1.jpg 1000w, https:\/\/pomzj.pl\/wp-content\/uploads\/2024\/07\/Add-a-subheading-1-300x171.jpg 300w, https:\/\/pomzj.pl\/wp-content\/uploads\/2024\/07\/Add-a-subheading-1-768x437.jpg 768w\" sizes=\"(max-width: 1000px) 100vw, 1000px\" \/><\/a>\r\n        <\/div><!-- Featured Image --><div class=\"entry-meta-group\">\r\n<!-- Entry Date -->\r\n<div class=\"entry-date\">\r\n\t<i class=\"wdticon-calendar\"> <\/i>\r\n\t6 pa\u017adziernika, 2025<\/div><!-- Entry Date --><\/div>\r\n<!-- Entry Title -->\r\n<div class=\"entry-title\">\r\n\t<h4>    \t<a href=\"https:\/\/pomzj.pl\/?p=3405\" title=\"Permalink to KONKURS\u00a0NA ORGANIZACJ\u0118 MISTRZOSTW WOJEW\u00d3DZTWA POMORSKIEGO\">KONKURS\u00a0NA ORGANIZACJ\u0118 MISTRZOSTW WOJEW\u00d3DZTWA POMORSKIEGO<\/a>\r\n\t<\/h4>\r\n<\/div><!-- Entry Title -->\r\n\t<div class=\"entry-body\"><p>KONKURS\u00a0NA ORGANIZACJ\u0118 MISTRZOSTW WOJEW\u00d3DZTWA POMORSKIEGO \u00a0 Uprzejmie informujemy, \u017ce Zarz\u0105d Pomorskiego Zwi\u0105zku Je\u017adzieckiego zatwierdzi\u0142 rozpisanie konkursu ofert na organizacj\u0119...<\/p><\/div>\r\n\r\n<!-- Entry Button --><div class=\"entry-button wdt-core-button\"><a href=\"https:\/\/pomzj.pl\/?p=3405\" title=\"KONKURS\u00a0NA ORGANIZACJ\u0118 MISTRZOSTW WOJEW\u00d3DZTWA POMORSKIEGO\" class=\"wdt-button\">czytaj<span><svg xmlns=\"http:\/\/www.w3.org\/2000\/svg\" xmlns:xlink=\"http:\/\/www.w3.org\/1999\/xlink\" x=\"0px\" y=\"0px\" viewBox=\"0 0 100 59\" style=\"enable-background:new 0 0 100 59;\" xml:space=\"preserve\"><polygon points=\"59.9,6.1 79.4,25.7 6,25.7 6,33.3 79.4,33.3 59.9,52.9 65.3,58.2 94,29.5 65.3,0.8 \"><\/polygon><\/svg><\/span><\/a><\/div><!-- Entry Button --><\/article><\/div><div class=\" entry-grid-layout wdt-simple-style wdt-scaleout-hover wdt-fixed-overlay alignleft column wdt-one-third wdt-post-entry  \"><article id=\"post-3366\" class=\"post-3366 post type-post status-publish format-standard has-post-thumbnail hentry category-dzialalnosc-pomzj tag-pomorskizwiazekjezdziecki blog-entry\">\r\n\r\n\r\n\t<!-- Featured Image -->\r\n\t<div class=\"entry-thumb\">\r\n\t\t\r\n<a href=\"https:\/\/pomzj.pl\/?p=3366\" title=\"Permalink to Walne Wyborcze Zebranie Delegat\u00f3w Pomorskiego Zwi\u0105zku Je\u017adzieckiego 8 pa\u017adziernika 2025 r.\"><img fetchpriority=\"high\" decoding=\"async\" width=\"1000\" height=\"569\" src=\"https:\/\/pomzj.pl\/wp-content\/uploads\/2024\/07\/Add-a-subheading-1.jpg\" class=\"attachment-wdt-blog-iii-column size-wdt-blog-iii-column wp-post-image\" alt=\"\" srcset=\"https:\/\/pomzj.pl\/wp-content\/uploads\/2024\/07\/Add-a-subheading-1.jpg 1000w, https:\/\/pomzj.pl\/wp-content\/uploads\/2024\/07\/Add-a-subheading-1-300x171.jpg 300w, https:\/\/pomzj.pl\/wp-content\/uploads\/2024\/07\/Add-a-subheading-1-768x437.jpg 768w\" sizes=\"(max-width: 1000px) 100vw, 1000px\" \/><\/a>\r\n        <\/div><!-- Featured Image --><div class=\"entry-meta-group\">\r\n<!-- Entry Date -->\r\n<div class=\"entry-date\">\r\n\t<i class=\"wdticon-calendar\"> <\/i>\r\n\t8 wrze\u015bnia, 2025<\/div><!-- Entry Date --><\/div>\r\n<!-- Entry Title -->\r\n<div class=\"entry-title\">\r\n\t<h4>    \t<a href=\"https:\/\/pomzj.pl\/?p=3366\" title=\"Permalink to Walne Wyborcze Zebranie Delegat\u00f3w Pomorskiego Zwi\u0105zku Je\u017adzieckiego 8 pa\u017adziernika 2025 r.\">Walne Wyborcze Zebranie Delegat\u00f3w Pomorskiego Zwi\u0105zku Je\u017adzieckiego 8 pa\u017adziernika 2025 r.<\/a>\r\n\t<\/h4>\r\n<\/div><!-- Entry Title -->\r\n\t<div class=\"entry-body\"><p>PORZ\u0104DEK OBRAD Walnego Wyborczego Zebrania Delegat\u00f3wPomorskiego Zwi\u0105zku Je\u017adzieckiego8 pa\u017adziernika 2025 r.w Przywidzu I termin rozpocz\u0119cia obrad \u2013 godz. 17:00II...<\/p><\/div>\r\n\r\n<!-- Entry Button --><div class=\"entry-button wdt-core-button\"><a href=\"https:\/\/pomzj.pl\/?p=3366\" title=\"Walne Wyborcze Zebranie Delegat\u00f3w Pomorskiego Zwi\u0105zku Je\u017adzieckiego 8 pa\u017adziernika 2025 r.\" class=\"wdt-button\">czytaj<span><svg xmlns=\"http:\/\/www.w3.org\/2000\/svg\" xmlns:xlink=\"http:\/\/www.w3.org\/1999\/xlink\" x=\"0px\" y=\"0px\" viewBox=\"0 0 100 59\" style=\"enable-background:new 0 0 100 59;\" xml:space=\"preserve\"><polygon points=\"59.9,6.1 79.4,25.7 6,25.7 6,33.3 79.4,33.3 59.9,52.9 65.3,58.2 94,29.5 65.3,0.8 \"><\/polygon><\/svg><\/span><\/a><\/div><!-- Entry Button --><\/article><\/div><div class=\" entry-grid-layout wdt-simple-style wdt-scaleout-hover wdt-fixed-overlay alignleft column wdt-one-third wdt-post-entry  \"><article id=\"post-3301\" class=\"post-3301 post type-post status-publish format-standard has-post-thumbnail hentry category-dzialalnosc-pomzj tag-pomorskizwiazekjezdziecki blog-entry\">\r\n\r\n\r\n\t<!-- Featured Image -->\r\n\t<div class=\"entry-thumb\">\r\n\t\t\r\n<a href=\"https:\/\/pomzj.pl\/?p=3301\" title=\"Permalink to Propozycje Mistrzostw Polski P\u00f3\u0142nocnej w Skokach Przez Przeszkody 15-17.08.2025 r\"><img fetchpriority=\"high\" decoding=\"async\" width=\"1000\" height=\"569\" src=\"https:\/\/pomzj.pl\/wp-content\/uploads\/2024\/07\/Add-a-subheading-1.jpg\" class=\"attachment-wdt-blog-iii-column size-wdt-blog-iii-column wp-post-image\" alt=\"\" srcset=\"https:\/\/pomzj.pl\/wp-content\/uploads\/2024\/07\/Add-a-subheading-1.jpg 1000w, https:\/\/pomzj.pl\/wp-content\/uploads\/2024\/07\/Add-a-subheading-1-300x171.jpg 300w, https:\/\/pomzj.pl\/wp-content\/uploads\/2024\/07\/Add-a-subheading-1-768x437.jpg 768w\" sizes=\"(max-width: 1000px) 100vw, 1000px\" \/><\/a>\r\n        <\/div><!-- Featured Image --><div class=\"entry-meta-group\">\r\n<!-- Entry Date -->\r\n<div class=\"entry-date\">\r\n\t<i class=\"wdticon-calendar\"> <\/i>\r\n\t25 lipca, 2025<\/div><!-- Entry Date --><\/div>\r\n<!-- Entry Title -->\r\n<div class=\"entry-title\">\r\n\t<h4>    \t<a href=\"https:\/\/pomzj.pl\/?p=3301\" title=\"Permalink to Propozycje Mistrzostw Polski P\u00f3\u0142nocnej w Skokach Przez Przeszkody 15-17.08.2025 r\">Propozycje Mistrzostw Polski P\u00f3\u0142nocnej w Skokach Przez Przeszkody 15-17.08.2025 r<\/a>\r\n\t<\/h4>\r\n<\/div><!-- Entry Title -->\r\n\t<div class=\"entry-body\"><p>Szanowni Pa\u0144stwo, Serdecznie zapraszamy do wzi\u0119cia udzia\u0142u w Mistrzostwach Polski P\u00f3\u0142nocnej w Skokach przez przeszkody, kt\u00f3re odbywa\u0107 si\u0119 b\u0119d\u0105...<\/p><\/div>\r\n\r\n<!-- Entry Button --><div class=\"entry-button wdt-core-button\"><a href=\"https:\/\/pomzj.pl\/?p=3301\" title=\"Propozycje Mistrzostw Polski P\u00f3\u0142nocnej w Skokach Przez Przeszkody 15-17.08.2025 r\" class=\"wdt-button\">czytaj<span><svg xmlns=\"http:\/\/www.w3.org\/2000\/svg\" xmlns:xlink=\"http:\/\/www.w3.org\/1999\/xlink\" x=\"0px\" y=\"0px\" viewBox=\"0 0 100 59\" style=\"enable-background:new 0 0 100 59;\" xml:space=\"preserve\"><polygon points=\"59.9,6.1 79.4,25.7 6,25.7 6,33.3 79.4,33.3 59.9,52.9 65.3,58.2 94,29.5 65.3,0.8 \"><\/polygon><\/svg><\/span><\/a><\/div><!-- Entry Button --><\/article><\/div><div class=\" entry-grid-layout wdt-simple-style wdt-scaleout-hover wdt-fixed-overlay alignleft column wdt-one-third wdt-post-entry  \"><article id=\"post-3236\" class=\"post-3236 post type-post status-publish format-standard has-post-thumbnail hentry category-dzialalnosc-pomzj tag-pomorskizwiazekjezdziecki blog-entry\">\r\n\r\n\r\n\t<!-- Featured Image -->\r\n\t<div class=\"entry-thumb\">\r\n\t\t\r\n<a href=\"https:\/\/pomzj.pl\/?p=3236\" title=\"Permalink to Walny Zjazd Sprawozdawczo-Statutowy\"><img fetchpriority=\"high\" decoding=\"async\" width=\"1000\" height=\"569\" src=\"https:\/\/pomzj.pl\/wp-content\/uploads\/2024\/07\/Add-a-subheading-1.jpg\" class=\"attachment-wdt-blog-iii-column size-wdt-blog-iii-column wp-post-image\" alt=\"\" srcset=\"https:\/\/pomzj.pl\/wp-content\/uploads\/2024\/07\/Add-a-subheading-1.jpg 1000w, https:\/\/pomzj.pl\/wp-content\/uploads\/2024\/07\/Add-a-subheading-1-300x171.jpg 300w, https:\/\/pomzj.pl\/wp-content\/uploads\/2024\/07\/Add-a-subheading-1-768x437.jpg 768w\" sizes=\"(max-width: 1000px) 100vw, 1000px\" \/><\/a>\r\n        <\/div><!-- Featured Image --><div class=\"entry-meta-group\">\r\n<!-- Entry Date -->\r\n<div class=\"entry-date\">\r\n\t<i class=\"wdticon-calendar\"> <\/i>\r\n\t19 lutego, 2025<\/div><!-- Entry Date --><\/div>\r\n<!-- Entry Title -->\r\n<div class=\"entry-title\">\r\n\t<h4>    \t<a href=\"https:\/\/pomzj.pl\/?p=3236\" title=\"Permalink to Walny Zjazd Sprawozdawczo-Statutowy\">Walny Zjazd Sprawozdawczo-Statutowy<\/a>\r\n\t<\/h4>\r\n<\/div><!-- Entry Title -->\r\n\t<div class=\"entry-body\"><p>Szanowni Pa\u0144stwo, \u00a0Zarz\u0105d Pomorskiego Zwi\u0105zku Je\u017adzieckiego zwo\u0142uje nadzwyczajne walne zebranie statutowe na dzie\u0144 19 marca 2025 roku, godzina 17:00...<\/p><\/div>\r\n\r\n<!-- Entry Button --><div class=\"entry-button wdt-core-button\"><a href=\"https:\/\/pomzj.pl\/?p=3236\" title=\"Walny Zjazd Sprawozdawczo-Statutowy\" class=\"wdt-button\">czytaj<span><svg xmlns=\"http:\/\/www.w3.org\/2000\/svg\" xmlns:xlink=\"http:\/\/www.w3.org\/1999\/xlink\" x=\"0px\" y=\"0px\" viewBox=\"0 0 100 59\" style=\"enable-background:new 0 0 100 59;\" xml:space=\"preserve\"><polygon points=\"59.9,6.1 79.4,25.7 6,25.7 6,33.3 79.4,33.3 59.9,52.9 65.3,58.2 94,29.5 65.3,0.8 \"><\/polygon><\/svg><\/span><\/a><\/div><!-- Entry Button --><\/article><\/div><\/div><div class=\"pagination blog-pagination\"><div class=\"column one pager_wrapper\"><ul class='page-numbers'>\n\t<li><span aria-current=\"page\" class=\"page-numbers current\">1<\/span><\/li>\n\t<li><a class=\"page-numbers\" href=\"https:\/\/pomzj.pl\/index.php?rest_route=%2Fwp%2Fv2%2Fpages%2F589&#038;paged=2\">2<\/a><\/li>\n\t<li><a class=\"page-numbers\" href=\"https:\/\/pomzj.pl\/index.php?rest_route=%2Fwp%2Fv2%2Fpages%2F589&#038;paged=3\">3<\/a><\/li>\n\t<li><span class=\"page-numbers dots\">&hellip;<\/span><\/li>\n\t<li><a class=\"page-numbers\" href=\"https:\/\/pomzj.pl\/index.php?rest_route=%2Fwp%2Fv2%2Fpages%2F589&#038;paged=9\">9<\/a><\/li>\n\t<li><a class=\"next page-numbers\" href=\"https:\/\/pomzj.pl\/index.php?rest_route=%2Fwp%2Fv2%2Fpages%2F589&#038;paged=2\"><i class=\"wdticon-angle-double-right\"><\/i><\/a><\/li>\n<\/ul>\n<\/div>\n<\/div><\/div>\t\t<\/div>\n\t\t\t\t<\/div>\n\t\t\t\t\t<\/div>\n\t\t<\/div>\n\t\t\t\t\t<\/div>\n\t\t<\/section>\n\t\t\t\t\t<\/div>\n\t\t<\/div>\n\t\t\t\t\t<\/div>\n\t\t<\/section>\n\t\t\t\t<\/div>\n\t\t","protected":false},"excerpt":{"rendered":"<p>2 lipca, 2024 Komisja ds. Etyki oraz Czystego Sportu Szanowni Pa\u0144stwo,\u00a0Nawi\u0105zuj\u0105c do dyskusji podczas ostatniego Walnego Zebrania Cz\u0142onk\u00f3w Pomorskiego Zwi\u0105zku Je\u017adzieckiego poszukujemy najlepszych kandydat\u00f3w do obj\u0119cia stanowisk w&#8230; czytaj 22 maja, 2024 Walne Zebranie Sprawozdawcze Cz\u0142onk\u00f3w ZAWIADOMIENIE \u00a0 Zarz\u0105d Pomorskiego Zwi\u0105zku Je\u017adzieckiego zawiadamia o zwo\u0142aniu Walnego Zebrania Sprawozdawczego Cz\u0142onk\u00f3w, kt\u00f3re odb\u0119dzie si\u0119 19 czerwca o&#8230; [&hellip;]<\/p>\n","protected":false},"author":1,"featured_media":0,"parent":0,"menu_order":0,"comment_status":"closed","ping_status":"closed","template":"elementor_header_footer","meta":{"footnotes":""},"class_list":["post-589","page","type-page","status-publish","hentry","blog-entry","format-standard"],"_links":{"self":[{"href":"https:\/\/pomzj.pl\/index.php?rest_route=\/wp\/v2\/pages\/589"}],"collection":[{"href":"https:\/\/pomzj.pl\/index.php?rest_route=\/wp\/v2\/pages"}],"about":[{"href":"https:\/\/pomzj.pl\/index.php?rest_route=\/wp\/v2\/types\/page"}],"author":[{"embeddable":true,"href":"https:\/\/pomzj.pl\/index.php?rest_route=\/wp\/v2\/users\/1"}],"replies":[{"embeddable":true,"href":"https:\/\/pomzj.pl\/index.php?rest_route=%2Fwp%2Fv2%2Fcomments&post=589"}],"version-history":[{"count":10,"href":"https:\/\/pomzj.pl\/index.php?rest_route=\/wp\/v2\/pages\/589\/revisions"}],"predecessor-version":[{"id":2869,"href":"https:\/\/pomzj.pl\/index.php?rest_route=\/wp\/v2\/pages\/589\/revisions\/2869"}],"wp:attachment":[{"href":"https:\/\/pomzj.pl\/index.php?rest_route=%2Fwp%2Fv2%2Fmedia&parent=589"}],"curies":[{"name":"wp","href":"https:\/\/api.w.org\/{rel}","templated":true}]}}